{"id":649,"date":"2021-05-13T09:46:41","date_gmt":"2021-05-13T07:46:41","guid":{"rendered":"https:\/\/medicosacrum.de\/origene-rueckentherapie\/"},"modified":"2022-09-08T17:04:16","modified_gmt":"2022-09-08T15:04:16","slug":"origene-tratamiento-de-espalda","status":"publish","type":"page","link":"https:\/\/medicosacrum.de\/es\/origene-tratamiento-de-espalda\/","title":{"rendered":"OriGENE\u00ae Tratamiento de espalda"},"content":{"rendered":"\t\t<div data-elementor-type=\"wp-page\" data-elementor-id=\"649\" class=\"elementor elementor-649 elementor-26\" data-elementor-post-type=\"page\">\n\t\t\t\t\t\t<section class=\"elementor-section elementor-top-section elementor-element elementor-element-1d710760 elementor-section-full_width elementor-section-height-min-height elementor-section-height-default elementor-section-items-middle\" data-id=\"1d710760\" data-element_type=\"section\" data-settings=\"{&quot;background_background&quot;:&quot;classic&quot;,&quot;shape_divider_bottom&quot;:&quot;mountains&quot;}\">\n\t\t\t\t\t<div class=\"elementor-shape elementor-shape-bottom\" data-negative=\"false\">\n\t\t\t<svg xmlns=\"http:\/\/www.w3.org\/2000\/svg\" viewBox=\"0 0 1000 100\" preserveAspectRatio=\"none\">\n\t<path class=\"elementor-shape-fill\" opacity=\"0.33\" d=\"M473,67.3c-203.9,88.3-263.1-34-320.3,0C66,119.1,0,59.7,0,59.7V0h1000v59.7 c0,0-62.1,26.1-94.9,29.3c-32.8,3.3-62.8-12.3-75.8-22.1C806,49.6,745.3,8.7,694.9,4.7S492.4,59,473,67.3z\"\/>\n\t<path class=\"elementor-shape-fill\" opacity=\"0.66\" d=\"M734,67.3c-45.5,0-77.2-23.2-129.1-39.1c-28.6-8.7-150.3-10.1-254,39.1 s-91.7-34.4-149.2,0C115.7,118.3,0,39.8,0,39.8V0h1000v36.5c0,0-28.2-18.5-92.1-18.5C810.2,18.1,775.7,67.3,734,67.3z\"\/>\n\t<path class=\"elementor-shape-fill\" d=\"M766.1,28.9c-200-57.5-266,65.5-395.1,19.5C242,1.8,242,5.4,184.8,20.6C128,35.8,132.3,44.9,89.9,52.5C28.6,63.7,0,0,0,0 h1000c0,0-9.9,40.9-83.6,48.1S829.6,47,766.1,28.9z\"\/>\n<\/svg>\t\t<\/div>\n\t\t\t\t\t<div class=\"elementor-container elementor-column-gap-default\">\n\t\t\t\t\t<div class=\"elementor-column elementor-col-100 elementor-top-column elementor-element elementor-element-2201641d\" data-id=\"2201641d\" data-element_type=\"column\">\n\t\t\t<div class=\"elementor-widget-wrap\">\n\t\t\t\t\t\t\t<\/div>\n\t\t<\/div>\n\t\t\t\t\t<\/div>\n\t\t<\/section>\n\t\t\t\t<section class=\"elementor-section elementor-top-section elementor-element elementor-element-291e08a3 elementor-section-boxed elementor-section-height-default elementor-section-height-default\" data-id=\"291e08a3\" data-element_type=\"section\" data-settings=\"{&quot;background_background&quot;:&quot;classic&quot;}\">\n\t\t\t\t\t\t<div class=\"elementor-container elementor-column-gap-default\">\n\t\t\t\t\t<div class=\"elementor-column elementor-col-66 elementor-top-column elementor-element elementor-element-2089c49d\" data-id=\"2089c49d\" data-element_type=\"column\">\n\t\t\t<div class=\"elementor-widget-wrap elementor-element-populated\">\n\t\t\t\t\t\t<div class=\"elementor-element elementor-element-70c53169 elementor-widget elementor-widget-heading\" data-id=\"70c53169\" data-element_type=\"widget\" data-widget_type=\"heading.default\">\n\t\t\t\t<div class=\"elementor-widget-container\">\n\t\t\t\t\t<h2 class=\"elementor-heading-title elementor-size-default\">\u00bfDolores de espalda? Pruebe con OriGENE<\/h2>\t\t\t\t<\/div>\n\t\t\t\t<\/div>\n\t\t\t\t<div class=\"elementor-element elementor-element-1a38e6d7 elementor-widget elementor-widget-text-editor\" data-id=\"1a38e6d7\" data-element_type=\"widget\" data-widget_type=\"text-editor.default\">\n\t\t\t\t<div class=\"elementor-widget-container\">\n\t\t\t\t\t\t\t\t\t<p>El tratamiento de espalda OriGENE consiste un entrenamiento espec\u00edfico de fuerza y de coordinaci\u00f3n que se realiza en un aparato de tratamiento desarrollado en los Pa\u00edses Bajos por Frank Bertina, especialista en medicina deportiva. A primera vista, el aparato de tratamiento parece un aparato de gimnasio, pero en ning\u00fan caso debe confundirse con eso. Lo que caracteriza a OriGENE son sus numerosos, ingeniosos y decisivos detalles que van m\u00e1s all\u00e1 de la efectividad de un aparato de gimnasio. El tratamiento con OriGENE s\u00f3lo puede realizarse bajo la supervisi\u00f3n directa de un terapeuta especialmente formado. No existe ning\u00fan aparato tan efectivo como OriGENE.<\/p>\t\t\t\t\t\t\t\t<\/div>\n\t\t\t\t<\/div>\n\t\t\t\t\t<\/div>\n\t\t<\/div>\n\t\t\t\t<div class=\"elementor-column elementor-col-33 elementor-top-column elementor-element elementor-element-691dd200\" data-id=\"691dd200\" data-element_type=\"column\">\n\t\t\t<div class=\"elementor-widget-wrap elementor-element-populated\">\n\t\t\t\t\t\t<div class=\"elementor-element elementor-element-3970c067 elementor-widget elementor-widget-image\" data-id=\"3970c067\" data-element_type=\"widget\" data-widget_type=\"image.default\">\n\t\t\t\t<div class=\"elementor-widget-container\">\n\t\t\t\t\t\t\t\t\t\t\t\t\t\t\t<img fetchpriority=\"high\" decoding=\"async\" width=\"800\" height=\"600\" src=\"https:\/\/medicosacrum.de\/wp-content\/uploads\/2021\/05\/OriGENE-bild-1.jpg\" class=\"attachment-large size-large wp-image-190\" alt=\"\" srcset=\"https:\/\/medicosacrum.de\/wp-content\/uploads\/2021\/05\/OriGENE-bild-1.jpg 800w, https:\/\/medicosacrum.de\/wp-content\/uploads\/2021\/05\/OriGENE-bild-1-300x225.jpg 300w, https:\/\/medicosacrum.de\/wp-content\/uploads\/2021\/05\/OriGENE-bild-1-768x576.jpg 768w\" sizes=\"(max-width: 800px) 100vw, 800px\" \/>\t\t\t\t\t\t\t\t\t\t\t\t\t\t\t<\/div>\n\t\t\t\t<\/div>\n\t\t\t\t\t<\/div>\n\t\t<\/div>\n\t\t\t\t\t<\/div>\n\t\t<\/section>\n\t\t\t\t<section class=\"elementor-section elementor-top-section elementor-element elementor-element-476aff00 elementor-section-boxed elementor-section-height-default elementor-section-height-default\" data-id=\"476aff00\" data-element_type=\"section\">\n\t\t\t\t\t\t<div class=\"elementor-container elementor-column-gap-default\">\n\t\t\t\t\t<div class=\"elementor-column elementor-col-50 elementor-top-column elementor-element elementor-element-69ebc316\" data-id=\"69ebc316\" data-element_type=\"column\">\n\t\t\t<div class=\"elementor-widget-wrap elementor-element-populated\">\n\t\t\t\t\t\t<div class=\"elementor-element elementor-element-6039b183 elementor-widget elementor-widget-heading\" data-id=\"6039b183\" data-element_type=\"widget\" data-widget_type=\"heading.default\">\n\t\t\t\t<div class=\"elementor-widget-container\">\n\t\t\t\t\t<h3 class=\"elementor-heading-title elementor-size-default\">Sobre el dolor en la zona lumbar<\/h3>\t\t\t\t<\/div>\n\t\t\t\t<\/div>\n\t\t\t\t<div class=\"elementor-element elementor-element-1bcfd3dc elementor-widget elementor-widget-text-editor\" data-id=\"1bcfd3dc\" data-element_type=\"widget\" data-widget_type=\"text-editor.default\">\n\t\t\t\t<div class=\"elementor-widget-container\">\n\t\t\t\t\t\t\t\t\t<p>El t\u00e9rmino \u201cpatolog\u00edas de espalda\u201d engloba todos los problemas de la espalda, una afecci\u00f3n que desequilibra gravemente la vida. Para algunas personas estos problemas son duraderos y cr\u00f3nicos, para otras son afecciones agudas de corta duraci\u00f3n que desaparecen temporalmente hasta el siguiente intervalo.<\/p><p>El <a href=\"https:\/\/www.origene.de\/fur-patienten\/ruckenschmerzen-origene-wirkt\/\">tratamiento de espalda OriGENE<\/a> est\u00e1 orientado al gran grupo de pacientes con patolog\u00edas de espalda no espec\u00edficas, aunque tambi\u00e9n se puede aplicar con \u00e9xito para algunas patolog\u00edas espec\u00edficas de espalda. Es bastante frecuente que los pacientes tengan varios \u00abfocos\u00bb que originan los dolores.<\/p><p>Para la mayor\u00eda de las personas con dolor de espalda no puede identificarse un origen claro. Con frecuencia, el problema se encuentra en la zona lumbar o p\u00e9lvica. A esto tambi\u00e9n se le llama dolores de espalda, lumbago, lumboisquialgia, ci\u00e1tica o lumbalgia.<\/p>\t\t\t\t\t\t\t\t<\/div>\n\t\t\t\t<\/div>\n\t\t\t\t\t<\/div>\n\t\t<\/div>\n\t\t\t\t<div class=\"elementor-column elementor-col-50 elementor-top-column elementor-element elementor-element-1176ef5d\" data-id=\"1176ef5d\" data-element_type=\"column\">\n\t\t\t<div class=\"elementor-widget-wrap elementor-element-populated\">\n\t\t\t\t\t\t<div class=\"elementor-element elementor-element-5f1c1b0 elementor-widget elementor-widget-heading\" data-id=\"5f1c1b0\" data-element_type=\"widget\" data-widget_type=\"heading.default\">\n\t\t\t\t<div class=\"elementor-widget-container\">\n\t\t\t\t\t<h3 class=\"elementor-heading-title elementor-size-default\">La causa del dolor de espalda suele basarse en los siguientes diagn\u00f3sticos:<\/h3>\t\t\t\t<\/div>\n\t\t\t\t<\/div>\n\t\t\t\t<div class=\"elementor-element elementor-element-7f5ac707 elementor-icon-list--layout-traditional elementor-list-item-link-full_width elementor-widget elementor-widget-icon-list\" data-id=\"7f5ac707\" data-element_type=\"widget\" data-widget_type=\"icon-list.default\">\n\t\t\t\t<div class=\"elementor-widget-container\">\n\t\t\t\t\t\t\t<ul class=\"elementor-icon-list-items\">\n\t\t\t\t\t\t\t<li class=\"elementor-icon-list-item\">\n\t\t\t\t\t\t\t\t\t\t\t<span class=\"elementor-icon-list-icon\">\n\t\t\t\t\t\t\t<i aria-hidden=\"true\" class=\"fas fa-arrow-alt-circle-right\"><\/i>\t\t\t\t\t\t<\/span>\n\t\t\t\t\t\t\t\t\t\t<span class=\"elementor-icon-list-text\">Lumbago; dolor y rigidez de espalda. <\/span>\n\t\t\t\t\t\t\t\t\t<\/li>\n\t\t\t\t\t\t\t\t<li class=\"elementor-icon-list-item\">\n\t\t\t\t\t\t\t\t\t\t\t<span class=\"elementor-icon-list-icon\">\n\t\t\t\t\t\t\t<i aria-hidden=\"true\" class=\"fas fa-arrow-alt-circle-right\"><\/i>\t\t\t\t\t\t<\/span>\n\t\t\t\t\t\t\t\t\t\t<span class=\"elementor-icon-list-text\">Desgaste o atrofia de la columna vertebral. Una vez m\u00e1s, en realidad existe una causa espec\u00edfica; sin embargo, esta condici\u00f3n de \"desgaste\" o atrofia se suele percibir como un signo normal de envejecimiento en personas mayores. <\/span>\n\t\t\t\t\t\t\t\t\t<\/li>\n\t\t\t\t\t\t\t\t<li class=\"elementor-icon-list-item\">\n\t\t\t\t\t\t\t\t\t\t\t<span class=\"elementor-icon-list-icon\">\n\t\t\t\t\t\t\t<i aria-hidden=\"true\" class=\"fas fa-arrow-alt-circle-right\"><\/i>\t\t\t\t\t\t<\/span>\n\t\t\t\t\t\t\t\t\t\t<span class=\"elementor-icon-list-text\">Dolor de espalda agudo: dolor de espalda repentino, a veces punzante, que normalmente aparece tras realizar un movimiento normal y que como m\u00e1ximo desaparece por s\u00ed solo al cabo de unos d\u00edas. <\/span>\n\t\t\t\t\t\t\t\t\t<\/li>\n\t\t\t\t\t\t\t\t<li class=\"elementor-icon-list-item\">\n\t\t\t\t\t\t\t\t\t\t\t<span class=\"elementor-icon-list-icon\">\n\t\t\t\t\t\t\t<i aria-hidden=\"true\" class=\"fas fa-arrow-alt-circle-right\"><\/i>\t\t\t\t\t\t<\/span>\n\t\t\t\t\t\t\t\t\t\t<span class=\"elementor-icon-list-text\">Lumbalgia: dolor repentino y punzante en la zona baja de la espalda que a menudo se irradia a nalgas, ingles y muslos. <\/span>\n\t\t\t\t\t\t\t\t\t<\/li>\n\t\t\t\t\t\t\t\t<li class=\"elementor-icon-list-item\">\n\t\t\t\t\t\t\t\t\t\t\t<span class=\"elementor-icon-list-icon\">\n\t\t\t\t\t\t\t<i aria-hidden=\"true\" class=\"fas fa-arrow-alt-circle-right\"><\/i>\t\t\t\t\t\t<\/span>\n\t\t\t\t\t\t\t\t\t\t<span class=\"elementor-icon-list-text\">Ci\u00e1tica o dolor del nervio ci\u00e1tico (nervus ischiadicus) <\/span>\n\t\t\t\t\t\t\t\t\t<\/li>\n\t\t\t\t\t\t\t\t<li class=\"elementor-icon-list-item\">\n\t\t\t\t\t\t\t\t\t\t\t<span class=\"elementor-icon-list-icon\">\n\t\t\t\t\t\t\t<i aria-hidden=\"true\" class=\"fas fa-arrow-alt-circle-right\"><\/i>\t\t\t\t\t\t<\/span>\n\t\t\t\t\t\t\t\t\t\t<span class=\"elementor-icon-list-text\">Discos desgastados o degenerados. Aparece en un gran porcentaje de adultos, pero s\u00f3lo un peque\u00f1o porcentaje sufre el dolor resultante. <\/span>\n\t\t\t\t\t\t\t\t\t<\/li>\n\t\t\t\t\t\t\t\t<li class=\"elementor-icon-list-item\">\n\t\t\t\t\t\t\t\t\t\t\t<span class=\"elementor-icon-list-icon\">\n\t\t\t\t\t\t\t<i aria-hidden=\"true\" class=\"fas fa-arrow-alt-circle-right\"><\/i>\t\t\t\t\t\t<\/span>\n\t\t\t\t\t\t\t\t\t\t<span class=\"elementor-icon-list-text\">Bloqueo de la articulaci\u00f3n sacro-il\u00edaca con desplazamiento p\u00e9lvico - asociado a una est\u00e1tica corporal desplazada <\/span>\n\t\t\t\t\t\t\t\t\t<\/li>\n\t\t\t\t\t\t<\/ul>\n\t\t\t\t\t\t<\/div>\n\t\t\t\t<\/div>\n\t\t\t\t\t<\/div>\n\t\t<\/div>\n\t\t\t\t\t<\/div>\n\t\t<\/section>\n\t\t\t\t<section class=\"elementor-section elementor-top-section elementor-element elementor-element-de53636 elementor-section-boxed elementor-section-height-default elementor-section-height-default\" data-id=\"de53636\" data-element_type=\"section\">\n\t\t\t\t\t\t<div class=\"elementor-container elementor-column-gap-default\">\n\t\t\t\t\t<div class=\"elementor-column elementor-col-50 elementor-top-column elementor-element elementor-element-6b94afa\" data-id=\"6b94afa\" data-element_type=\"column\">\n\t\t\t<div class=\"elementor-widget-wrap elementor-element-populated\">\n\t\t\t\t\t\t<div class=\"elementor-element elementor-element-09f3617 elementor-widget elementor-widget-heading\" data-id=\"09f3617\" data-element_type=\"widget\" data-widget_type=\"heading.default\">\n\t\t\t\t<div class=\"elementor-widget-container\">\n\t\t\t\t\t<h3 class=\"elementor-heading-title elementor-size-default\">Tratamiento contra dolores de espalda baja y alta<\/h3>\t\t\t\t<\/div>\n\t\t\t\t<\/div>\n\t\t\t\t<div class=\"elementor-element elementor-element-4788e24 elementor-widget elementor-widget-text-editor\" data-id=\"4788e24\" data-element_type=\"widget\" data-widget_type=\"text-editor.default\">\n\t\t\t\t<div class=\"elementor-widget-container\">\n\t\t\t\t\t\t\t\t\t<p>Durante el tratamiento con el aparato se fija la posici\u00f3n de la parte inferior del cuerpo. Es decir, las piernas y la pelvis no se mueven durante los ejercicios. De esta forma solo se hacen ejercicios de estiramiento de espalda. Adem\u00e1s, el terapeuta puede ajustar la carga durante la secuencia de movimientos dependiendo de las posibilidades y limitaciones de cada paciente. Por lo tanto, el tratamiento OriGENE est\u00e1 hecho a medida. El terapeuta dispone de 11 variables diferentes de configuraci\u00f3n que interact\u00faan entre s\u00ed. Gracias a esto, incluso las peque\u00f1as modificaciones de la configuraci\u00f3n elegida pueden tener grandes efectos. Solo los m\u00e9dicos colegiados y otros profesionales de la medicina como fisioterapeutas, terapeutas manuales y otros profesionales sanitarios con formaci\u00f3n adicional pueden realizar el tratamiento OriGENE. Dichos especialistas reciben formaci\u00f3n de OriGENE y obtienen un certificado que los identifica como terapeutas OriGENE.<\/p>\t\t\t\t\t\t\t\t<\/div>\n\t\t\t\t<\/div>\n\t\t\t\t\t<\/div>\n\t\t<\/div>\n\t\t\t\t<div class=\"elementor-column elementor-col-50 elementor-top-column elementor-element elementor-element-e779155\" data-id=\"e779155\" data-element_type=\"column\" data-settings=\"{&quot;background_background&quot;:&quot;classic&quot;}\">\n\t\t\t<div class=\"elementor-widget-wrap elementor-element-populated\">\n\t\t\t\t\t\t<div class=\"elementor-element elementor-element-6570a65 elementor-widget elementor-widget-image\" data-id=\"6570a65\" data-element_type=\"widget\" data-widget_type=\"image.default\">\n\t\t\t\t<div class=\"elementor-widget-container\">\n\t\t\t\t\t\t\t\t\t\t\t\t\t\t\t<img decoding=\"async\" width=\"610\" height=\"480\" src=\"https:\/\/medicosacrum.de\/wp-content\/uploads\/2022\/09\/O2-nummering-uitleg-ES.jpg\" class=\"attachment-large size-large wp-image-897\" alt=\"\" srcset=\"https:\/\/medicosacrum.de\/wp-content\/uploads\/2022\/09\/O2-nummering-uitleg-ES.jpg 610w, https:\/\/medicosacrum.de\/wp-content\/uploads\/2022\/09\/O2-nummering-uitleg-ES-300x236.jpg 300w\" sizes=\"(max-width: 610px) 100vw, 610px\" \/>\t\t\t\t\t\t\t\t\t\t\t\t\t\t\t<\/div>\n\t\t\t\t<\/div>\n\t\t\t\t\t<\/div>\n\t\t<\/div>\n\t\t\t\t\t<\/div>\n\t\t<\/section>\n\t\t\t\t<section class=\"elementor-section elementor-top-section elementor-element elementor-element-2dc8d20 elementor-section-boxed elementor-section-height-default elementor-section-height-default\" data-id=\"2dc8d20\" data-element_type=\"section\">\n\t\t\t\t\t\t<div class=\"elementor-container elementor-column-gap-default\">\n\t\t\t\t\t<div class=\"elementor-column elementor-col-50 elementor-top-column elementor-element elementor-element-a7bd1ee\" data-id=\"a7bd1ee\" data-element_type=\"column\" data-settings=\"{&quot;background_background&quot;:&quot;classic&quot;}\">\n\t\t\t<div class=\"elementor-widget-wrap elementor-element-populated\">\n\t\t\t\t\t\t<div class=\"elementor-element elementor-element-ad2e15f elementor-widget elementor-widget-image\" data-id=\"ad2e15f\" data-element_type=\"widget\" data-widget_type=\"image.default\">\n\t\t\t\t<div class=\"elementor-widget-container\">\n\t\t\t\t\t\t\t\t\t\t\t\t\t\t\t<img decoding=\"async\" width=\"800\" height=\"533\" src=\"https:\/\/medicosacrum.de\/wp-content\/uploads\/2021\/05\/OriGENE-bild-5.jpg\" class=\"attachment-full size-full wp-image-225\" alt=\"\" srcset=\"https:\/\/medicosacrum.de\/wp-content\/uploads\/2021\/05\/OriGENE-bild-5.jpg 800w, https:\/\/medicosacrum.de\/wp-content\/uploads\/2021\/05\/OriGENE-bild-5-300x200.jpg 300w, https:\/\/medicosacrum.de\/wp-content\/uploads\/2021\/05\/OriGENE-bild-5-768x512.jpg 768w\" sizes=\"(max-width: 800px) 100vw, 800px\" \/>\t\t\t\t\t\t\t\t\t\t\t\t\t\t\t<\/div>\n\t\t\t\t<\/div>\n\t\t\t\t\t<\/div>\n\t\t<\/div>\n\t\t\t\t<div class=\"elementor-column elementor-col-50 elementor-top-column elementor-element elementor-element-35d9638\" data-id=\"35d9638\" data-element_type=\"column\">\n\t\t\t<div class=\"elementor-widget-wrap elementor-element-populated\">\n\t\t\t\t\t\t<div class=\"elementor-element elementor-element-2700607 elementor-widget elementor-widget-heading\" data-id=\"2700607\" data-element_type=\"widget\" data-widget_type=\"heading.default\">\n\t\t\t\t<div class=\"elementor-widget-container\">\n\t\t\t\t\t<h3 class=\"elementor-heading-title elementor-size-default\">Corta duraci\u00f3n del tratamiento<\/h3>\t\t\t\t<\/div>\n\t\t\t\t<\/div>\n\t\t\t\t<div class=\"elementor-element elementor-element-f75d43c elementor-widget elementor-widget-text-editor\" data-id=\"f75d43c\" data-element_type=\"widget\" data-widget_type=\"text-editor.default\">\n\t\t\t\t<div class=\"elementor-widget-container\">\n\t\t\t\t\t\t\t\t\t<p>Las sesiones de tratamiento con OriGENE duran poco tiempo. Tras una conversaci\u00f3n inicial y el diagn\u00f3stico, se hace tan solo una sesi\u00f3n semanal. Una vez que el terapeuta haya ajustado correctamente su cuerpo al aparato, el tratamiento en s\u00ed s\u00f3lo dura entre 15 y 20 minutos. Para las dolencias cr\u00f3nicas, el primer ciclo de tratamiento dura unas diez semanas. Posteriormente y previa consulta con su terapeuta, se puede reducir la frecuencia. Para otras dolencias, el n\u00famero de tratamientos y la duraci\u00f3n de los mismos depende del tipo de dolencia. Una vez que la espalda se ha recuperado de forma \u00f3ptima, basta con hacer un tratamiento cada uno o dos meses como mantenimiento. En ocasiones es suficiente con realizar una o dos sesiones al a\u00f1o.<\/p>\t\t\t\t\t\t\t\t<\/div>\n\t\t\t\t<\/div>\n\t\t\t\t\t<\/div>\n\t\t<\/div>\n\t\t\t\t\t<\/div>\n\t\t<\/section>\n\t\t\t\t<section class=\"elementor-section elementor-top-section elementor-element elementor-element-02fc531 elementor-section-boxed elementor-section-height-default elementor-section-height-default\" data-id=\"02fc531\" data-element_type=\"section\">\n\t\t\t\t\t\t<div class=\"elementor-container elementor-column-gap-default\">\n\t\t\t\t\t<div class=\"elementor-column elementor-col-50 elementor-top-column elementor-element elementor-element-2dd0217\" data-id=\"2dd0217\" data-element_type=\"column\">\n\t\t\t<div class=\"elementor-widget-wrap elementor-element-populated\">\n\t\t\t\t\t\t<div class=\"elementor-element elementor-element-8ad75d4 elementor-widget elementor-widget-heading\" data-id=\"8ad75d4\" data-element_type=\"widget\" data-widget_type=\"heading.default\">\n\t\t\t\t<div class=\"elementor-widget-container\">\n\t\t\t\t\t<h3 class=\"elementor-heading-title elementor-size-default\">Tratamiento apto para deportistas de \u00e9lite y para otras personas con otras dolencias y dolores f\u00edsicos originados por enfermedades.<\/h3>\t\t\t\t<\/div>\n\t\t\t\t<\/div>\n\t\t\t\t<div class=\"elementor-element elementor-element-04e8934 elementor-widget elementor-widget-text-editor\" data-id=\"04e8934\" data-element_type=\"widget\" data-widget_type=\"text-editor.default\">\n\t\t\t\t<div class=\"elementor-widget-container\">\n\t\t\t\t\t\t\t\t\t<p>OriGENE tambi\u00e9n puede ser interesante para deportistas y especialmente para deportistas de \u00e9lite. Fortalecer la columna vertebral y aumentar la estabilidad del centro de gravedad del cuerpo mejora el rendimiento deportivo. Esto suele ir acompa\u00f1ado de una mayor flexibilidad y fuerza en las piernas.<\/p><p>Adem\u00e1s, ocasionalmente se han observado efectos positivos en lesiones de los tendones de la rodilla o de la regi\u00f3n inguinal, en patolog\u00edas del suelo p\u00e9lvico, en dolencias cervicales y los inherentes dolores de cabeza. \u00bfSufre de reuma, de espondilitis anquilosante o cifosis? Fuera de la fase aguda, puede que Ud. tambi\u00e9n responda bien al tratamiento OriGENE.<\/p><p><\/p>\t\t\t\t\t\t\t\t<\/div>\n\t\t\t\t<\/div>\n\t\t\t\t\t<\/div>\n\t\t<\/div>\n\t\t\t\t<div class=\"elementor-column elementor-col-50 elementor-top-column elementor-element elementor-element-5f4d9ba\" data-id=\"5f4d9ba\" data-element_type=\"column\" data-settings=\"{&quot;background_background&quot;:&quot;classic&quot;}\">\n\t\t\t<div class=\"elementor-widget-wrap elementor-element-populated\">\n\t\t\t\t\t\t<div class=\"elementor-element elementor-element-4a65f02 elementor-widget elementor-widget-image\" data-id=\"4a65f02\" data-element_type=\"widget\" data-widget_type=\"image.default\">\n\t\t\t\t<div class=\"elementor-widget-container\">\n\t\t\t\t\t\t\t\t\t\t\t\t\t\t\t<img loading=\"lazy\" decoding=\"async\" width=\"800\" height=\"533\" src=\"https:\/\/medicosacrum.de\/wp-content\/uploads\/2021\/05\/OriGENE-bild-4.jpg\" class=\"attachment-large size-large wp-image-223\" alt=\"\" srcset=\"https:\/\/medicosacrum.de\/wp-content\/uploads\/2021\/05\/OriGENE-bild-4.jpg 800w, https:\/\/medicosacrum.de\/wp-content\/uploads\/2021\/05\/OriGENE-bild-4-300x200.jpg 300w, https:\/\/medicosacrum.de\/wp-content\/uploads\/2021\/05\/OriGENE-bild-4-768x512.jpg 768w\" sizes=\"(max-width: 800px) 100vw, 800px\" \/>\t\t\t\t\t\t\t\t\t\t\t\t\t\t\t<\/div>\n\t\t\t\t<\/div>\n\t\t\t\t\t<\/div>\n\t\t<\/div>\n\t\t\t\t\t<\/div>\n\t\t<\/section>\n\t\t\t\t<\/div>\n\t\t","protected":false},"excerpt":{"rendered":"<p>\u00bfDolores de espalda? Pruebe con OriGENE El tratamiento de espalda OriGENE consiste un entrenamiento espec\u00edfico de fuerza y de coordinaci\u00f3n que se realiza en un aparato de tratamiento desarrollado en los Pa\u00edses Bajos por Frank Bertina, especialista en medicina deportiva. A primera vista, el aparato de tratamiento parece un aparato de gimnasio, pero en ning\u00fan [&hellip;]<\/p>\n","protected":false},"author":1,"featured_media":0,"parent":0,"menu_order":10,"comment_status":"closed","ping_status":"closed","template":"","meta":{"footnotes":""},"class_list":["post-649","page","type-page","status-publish","hentry"],"_links":{"self":[{"href":"https:\/\/medicosacrum.de\/es\/wp-json\/wp\/v2\/pages\/649","targetHints":{"allow":["GET"]}}],"collection":[{"href":"https:\/\/medicosacrum.de\/es\/wp-json\/wp\/v2\/pages"}],"about":[{"href":"https:\/\/medicosacrum.de\/es\/wp-json\/wp\/v2\/types\/page"}],"author":[{"embeddable":true,"href":"https:\/\/medicosacrum.de\/es\/wp-json\/wp\/v2\/users\/1"}],"replies":[{"embeddable":true,"href":"https:\/\/medicosacrum.de\/es\/wp-json\/wp\/v2\/comments?post=649"}],"version-history":[{"count":28,"href":"https:\/\/medicosacrum.de\/es\/wp-json\/wp\/v2\/pages\/649\/revisions"}],"predecessor-version":[{"id":901,"href":"https:\/\/medicosacrum.de\/es\/wp-json\/wp\/v2\/pages\/649\/revisions\/901"}],"wp:attachment":[{"href":"https:\/\/medicosacrum.de\/es\/wp-json\/wp\/v2\/media?parent=649"}],"curies":[{"name":"wp","href":"https:\/\/api.w.org\/{rel}","templated":true}]}}