{"id":650,"date":"2021-11-25T09:13:42","date_gmt":"2021-11-25T08:13:42","guid":{"rendered":"https:\/\/medicosacrum.de\/fuer-therapeuten\/"},"modified":"2022-09-08T14:19:40","modified_gmt":"2022-09-08T12:19:40","slug":"para-terapeutas","status":"publish","type":"page","link":"https:\/\/medicosacrum.de\/es\/para-terapeutas\/","title":{"rendered":"Para terapeutas"},"content":{"rendered":"\t\t<div data-elementor-type=\"wp-page\" data-elementor-id=\"650\" class=\"elementor elementor-650 elementor-537\" data-elementor-post-type=\"page\">\n\t\t\t\t\t\t<section class=\"elementor-section elementor-top-section elementor-element elementor-element-6eb13e9c elementor-section-full_width elementor-section-height-min-height elementor-section-height-default elementor-section-items-middle\" data-id=\"6eb13e9c\" data-element_type=\"section\" data-settings=\"{&quot;background_background&quot;:&quot;classic&quot;,&quot;shape_divider_bottom&quot;:&quot;mountains&quot;}\">\n\t\t\t\t\t<div class=\"elementor-shape elementor-shape-bottom\" data-negative=\"false\">\n\t\t\t<svg xmlns=\"http:\/\/www.w3.org\/2000\/svg\" viewBox=\"0 0 1000 100\" preserveAspectRatio=\"none\">\n\t<path class=\"elementor-shape-fill\" opacity=\"0.33\" d=\"M473,67.3c-203.9,88.3-263.1-34-320.3,0C66,119.1,0,59.7,0,59.7V0h1000v59.7 c0,0-62.1,26.1-94.9,29.3c-32.8,3.3-62.8-12.3-75.8-22.1C806,49.6,745.3,8.7,694.9,4.7S492.4,59,473,67.3z\"\/>\n\t<path class=\"elementor-shape-fill\" opacity=\"0.66\" d=\"M734,67.3c-45.5,0-77.2-23.2-129.1-39.1c-28.6-8.7-150.3-10.1-254,39.1 s-91.7-34.4-149.2,0C115.7,118.3,0,39.8,0,39.8V0h1000v36.5c0,0-28.2-18.5-92.1-18.5C810.2,18.1,775.7,67.3,734,67.3z\"\/>\n\t<path class=\"elementor-shape-fill\" d=\"M766.1,28.9c-200-57.5-266,65.5-395.1,19.5C242,1.8,242,5.4,184.8,20.6C128,35.8,132.3,44.9,89.9,52.5C28.6,63.7,0,0,0,0 h1000c0,0-9.9,40.9-83.6,48.1S829.6,47,766.1,28.9z\"\/>\n<\/svg>\t\t<\/div>\n\t\t\t\t\t<div class=\"elementor-container elementor-column-gap-default\">\n\t\t\t\t\t<div class=\"elementor-column elementor-col-100 elementor-top-column elementor-element elementor-element-2bf2646e\" data-id=\"2bf2646e\" data-element_type=\"column\">\n\t\t\t<div class=\"elementor-widget-wrap\">\n\t\t\t\t\t\t\t<\/div>\n\t\t<\/div>\n\t\t\t\t\t<\/div>\n\t\t<\/section>\n\t\t\t\t<section class=\"elementor-section elementor-top-section elementor-element elementor-element-345bff2f elementor-section-boxed elementor-section-height-default elementor-section-height-default\" data-id=\"345bff2f\" data-element_type=\"section\" data-settings=\"{&quot;background_background&quot;:&quot;classic&quot;}\">\n\t\t\t\t\t\t<div class=\"elementor-container elementor-column-gap-default\">\n\t\t\t\t\t<div class=\"elementor-column elementor-col-66 elementor-top-column elementor-element elementor-element-5c8ce5ad\" data-id=\"5c8ce5ad\" data-element_type=\"column\">\n\t\t\t<div class=\"elementor-widget-wrap elementor-element-populated\">\n\t\t\t\t\t\t<div class=\"elementor-element elementor-element-e5666ce elementor-widget elementor-widget-heading\" data-id=\"e5666ce\" data-element_type=\"widget\" data-widget_type=\"heading.default\">\n\t\t\t\t<div class=\"elementor-widget-container\">\n\t\t\t\t\t<h2 class=\"elementor-heading-title elementor-size-default\">Para terapeutas<\/h2>\t\t\t\t<\/div>\n\t\t\t\t<\/div>\n\t\t\t\t<div class=\"elementor-element elementor-element-5bdb0970 elementor-widget elementor-widget-text-editor\" data-id=\"5bdb0970\" data-element_type=\"widget\" data-widget_type=\"text-editor.default\">\n\t\t\t\t<div class=\"elementor-widget-container\">\n\t\t\t\t\t\t\t\t\t<div class=\"col bg \"><p>A nuestro juicio, probablemente hemos desarrollado el mejor aparato que existe para tratar patolog\u00edas de espalda. Con OriGENE, su paciente logra realizar ejercicios de estiramiento totalmente aislados (isot\u00f3nicos sobre todo el rango de movimientos ROM). Sin embargo, no solo importa el aparato de tratamientos. Por muy bueno que este sea, si el operador no est\u00e1 muy familiarizado con el aparato, no se pueden obtener resultados \u00f3ptimos con el tratamiento. Por ello, es esencial contar con un buen terapeuta. No solo para tener un diagn\u00f3stico correcto, sino por los conocimientos biomec\u00e1nicos del aparato OriGENE y la correcta aplicaci\u00f3n de los protocolos de tratamiento para su uso y configuraci\u00f3n. Si bien hablamos de un aparato, todo depender\u00e1 mucho m\u00e1s de usted. OriGENE se puede configurar de m\u00faltiples formas, pero usted decide para qu\u00e9 paciente se usa y c\u00f3mo se debe configurar. Los ajustes del aparato se har\u00e1n seg\u00fan la situaci\u00f3n espec\u00edfica del paciente. En cuanto utilice OriGENE, se registrar\u00e1 el tratamiento con el aparato. Esto forma parte de la formaci\u00f3n para terapeutas OriGENE.<\/p><\/div>\t\t\t\t\t\t\t\t<\/div>\n\t\t\t\t<\/div>\n\t\t\t\t\t<\/div>\n\t\t<\/div>\n\t\t\t\t<div class=\"elementor-column elementor-col-33 elementor-top-column elementor-element elementor-element-37b96bfd\" data-id=\"37b96bfd\" data-element_type=\"column\">\n\t\t\t<div class=\"elementor-widget-wrap elementor-element-populated\">\n\t\t\t\t\t\t<div class=\"elementor-element elementor-element-735860f5 elementor-widget elementor-widget-image\" data-id=\"735860f5\" data-element_type=\"widget\" data-widget_type=\"image.default\">\n\t\t\t\t<div class=\"elementor-widget-container\">\n\t\t\t\t\t\t\t\t\t\t\t\t\t\t\t<img fetchpriority=\"high\" decoding=\"async\" width=\"800\" height=\"600\" src=\"https:\/\/medicosacrum.de\/wp-content\/uploads\/2021\/05\/OriGENE-bild-1.jpg\" class=\"attachment-large size-large wp-image-190\" alt=\"\" srcset=\"https:\/\/medicosacrum.de\/wp-content\/uploads\/2021\/05\/OriGENE-bild-1.jpg 800w, https:\/\/medicosacrum.de\/wp-content\/uploads\/2021\/05\/OriGENE-bild-1-300x225.jpg 300w, https:\/\/medicosacrum.de\/wp-content\/uploads\/2021\/05\/OriGENE-bild-1-768x576.jpg 768w\" sizes=\"(max-width: 800px) 100vw, 800px\" \/>\t\t\t\t\t\t\t\t\t\t\t\t\t\t\t<\/div>\n\t\t\t\t<\/div>\n\t\t\t\t\t<\/div>\n\t\t<\/div>\n\t\t\t\t\t<\/div>\n\t\t<\/section>\n\t\t\t\t<section class=\"elementor-section elementor-top-section elementor-element elementor-element-749f5084 elementor-section-boxed elementor-section-height-default elementor-section-height-default\" data-id=\"749f5084\" data-element_type=\"section\">\n\t\t\t\t\t\t<div class=\"elementor-container elementor-column-gap-default\">\n\t\t\t\t\t<div class=\"elementor-column elementor-col-50 elementor-top-column elementor-element elementor-element-591d8d6d\" data-id=\"591d8d6d\" data-element_type=\"column\">\n\t\t\t<div class=\"elementor-widget-wrap elementor-element-populated\">\n\t\t\t\t\t\t<div class=\"elementor-element elementor-element-189723a5 elementor-widget elementor-widget-heading\" data-id=\"189723a5\" data-element_type=\"widget\" data-widget_type=\"heading.default\">\n\t\t\t\t<div class=\"elementor-widget-container\">\n\t\t\t\t\t<h3 class=\"elementor-heading-title elementor-size-default\">OriGENE es un concepto especial para terapeutas y sus pacientes con dolencias de espalda<\/h3>\t\t\t\t<\/div>\n\t\t\t\t<\/div>\n\t\t\t\t<div class=\"elementor-element elementor-element-5934f126 elementor-widget elementor-widget-text-editor\" data-id=\"5934f126\" data-element_type=\"widget\" data-widget_type=\"text-editor.default\">\n\t\t\t\t<div class=\"elementor-widget-container\">\n\t\t\t\t\t\t\t\t\t<p>OriGENE destaca por su funcionamiento a medida. Gracias al aparato, su paciente logra realizar un ejercicio de estiramiento de espalda totalmente aislado. Durante toda la secuencia de movimientos se debe superar una resistencia espec\u00edficamente configurada. Dependiendo de las posibilidades y limitaciones de su paciente, puede ajustar el tratamiento y la carga gracias a 8 variables ajustables en el aparato OriGENE. El aparato posibilita as\u00ed realizar una carga isot\u00f3nica (uniforme) de los m\u00fasculos implicados en todo el rango de movimientos ROM. Por ello OriGENE es tan \u00fanico.<\/p>\t\t\t\t\t\t\t\t<\/div>\n\t\t\t\t<\/div>\n\t\t\t\t\t<\/div>\n\t\t<\/div>\n\t\t\t\t<div class=\"elementor-column elementor-col-50 elementor-top-column elementor-element elementor-element-75f22978\" data-id=\"75f22978\" data-element_type=\"column\">\n\t\t\t<div class=\"elementor-widget-wrap elementor-element-populated\">\n\t\t\t\t\t\t<div class=\"elementor-element elementor-element-385d4cc8 elementor-widget elementor-widget-heading\" data-id=\"385d4cc8\" data-element_type=\"widget\" data-widget_type=\"heading.default\">\n\t\t\t\t<div class=\"elementor-widget-container\">\n\t\t\t\t\t<h3 class=\"elementor-heading-title elementor-size-default\">\u00bfC\u00f3mo funciona el programa de tratamientos?<\/h3>\t\t\t\t<\/div>\n\t\t\t\t<\/div>\n\t\t\t\t<div class=\"elementor-element elementor-element-384f5fa elementor-widget elementor-widget-text-editor\" data-id=\"384f5fa\" data-element_type=\"widget\" data-widget_type=\"text-editor.default\">\n\t\t\t\t<div class=\"elementor-widget-container\">\n\t\t\t\t\t\t\t\t\t<p>Realizar\u00e1 los tratamientos con el aparato OriGENE. Debe seguir los protocolos de tratamiento desarrollados para tal fin, en los que se explica c\u00f3mo ajustar el aparato para cada paciente seg\u00fan sus caracter\u00edsticas espec\u00edficas. Por lo que sabemos, no existe ning\u00fan otro m\u00e9todo de tratamiento que ofrezca tan elevado grado de individualizaci\u00f3n. Los protocolos tambi\u00e9n incluyen instrucciones para realizar el programa de tratamientos considerando el n\u00famero correcto de ejercicios y la carga. El tratamiento en s\u00ed dura unos 20 minutos.<\/p>\t\t\t\t\t\t\t\t<\/div>\n\t\t\t\t<\/div>\n\t\t\t\t<div class=\"elementor-element elementor-element-25dc607 elementor-widget elementor-widget-button\" data-id=\"25dc607\" data-element_type=\"widget\" data-widget_type=\"button.default\">\n\t\t\t\t<div class=\"elementor-widget-container\">\n\t\t\t\t\t\t\t\t\t<div class=\"elementor-button-wrapper\">\n\t\t\t\t\t<a class=\"elementor-button elementor-button-link elementor-size-sm\" href=\"https:\/\/medicosacrum.de\/es\/para-terapeutas\/el-programa-de-tratamientos\/\">\n\t\t\t\t\t\t<span class=\"elementor-button-content-wrapper\">\n\t\t\t\t\t\t\t\t\t<span class=\"elementor-button-text\">Seguir leyendo<\/span>\n\t\t\t\t\t<\/span>\n\t\t\t\t\t<\/a>\n\t\t\t\t<\/div>\n\t\t\t\t\t\t\t\t<\/div>\n\t\t\t\t<\/div>\n\t\t\t\t\t<\/div>\n\t\t<\/div>\n\t\t\t\t\t<\/div>\n\t\t<\/section>\n\t\t\t\t<section class=\"elementor-section elementor-top-section elementor-element elementor-element-9966fc3 elementor-section-boxed elementor-section-height-default elementor-section-height-default\" data-id=\"9966fc3\" data-element_type=\"section\">\n\t\t\t\t\t\t<div class=\"elementor-container elementor-column-gap-default\">\n\t\t\t\t\t<div class=\"elementor-column elementor-col-50 elementor-top-column elementor-element elementor-element-81cffe0\" data-id=\"81cffe0\" data-element_type=\"column\">\n\t\t\t<div class=\"elementor-widget-wrap elementor-element-populated\">\n\t\t\t\t\t\t<div class=\"elementor-element elementor-element-1d58225b elementor-widget elementor-widget-heading\" data-id=\"1d58225b\" data-element_type=\"widget\" data-widget_type=\"heading.default\">\n\t\t\t\t<div class=\"elementor-widget-container\">\n\t\t\t\t\t<h3 class=\"elementor-heading-title elementor-size-default\">Para terapeutas; la posible explicaci\u00f3n del \u00e9xito<\/h3>\t\t\t\t<\/div>\n\t\t\t\t<\/div>\n\t\t\t\t<div class=\"elementor-element elementor-element-4ec2cb9 elementor-widget elementor-widget-text-editor\" data-id=\"4ec2cb9\" data-element_type=\"widget\" data-widget_type=\"text-editor.default\">\n\t\t\t\t<div class=\"elementor-widget-container\">\n\t\t\t\t\t\t\t\t\t<p>Mediante el concepto de tratamientos OriGENE se obtienen muy buenos resultados en muchas personas con dolores de espalda alta y baja. Tambi\u00e9n vale para pacientes cr\u00f3nicos resistentes a tratamientos. Los dolores de espalda desaparecen \u00bfEl motivo? El tratamiento OriGENE es un concepto hol\u00edstico con el que puede ayudar de forma duradera a los pacientes con dolencias de espalda. El concepto aborda, entre otras cosas, el miedo al movimiento, la movilizaci\u00f3n de la columna vertebral, el fortalecimiento de la musculatura y la mejora de la coordinaci\u00f3n. \u00bfQuiere m\u00e1s informaci\u00f3n sobre las bases de este \u00e9xito?<\/p>\t\t\t\t\t\t\t\t<\/div>\n\t\t\t\t<\/div>\n\t\t\t\t<div class=\"elementor-element elementor-element-f82d220 elementor-widget elementor-widget-button\" data-id=\"f82d220\" data-element_type=\"widget\" data-widget_type=\"button.default\">\n\t\t\t\t<div class=\"elementor-widget-container\">\n\t\t\t\t\t\t\t\t\t<div class=\"elementor-button-wrapper\">\n\t\t\t\t\t<a class=\"elementor-button elementor-button-link elementor-size-sm\" href=\"https:\/\/medicosacrum.de\/es\/para-terapeutas\/die-erklaerung-des-erfolgs\/\">\n\t\t\t\t\t\t<span class=\"elementor-button-content-wrapper\">\n\t\t\t\t\t\t\t\t\t<span class=\"elementor-button-text\">Seguir leyendo<\/span>\n\t\t\t\t\t<\/span>\n\t\t\t\t\t<\/a>\n\t\t\t\t<\/div>\n\t\t\t\t\t\t\t\t<\/div>\n\t\t\t\t<\/div>\n\t\t\t\t\t<\/div>\n\t\t<\/div>\n\t\t\t\t<div class=\"elementor-column elementor-col-50 elementor-top-column elementor-element elementor-element-c2b5222\" data-id=\"c2b5222\" data-element_type=\"column\">\n\t\t\t<div class=\"elementor-widget-wrap elementor-element-populated\">\n\t\t\t\t\t\t<div class=\"elementor-element elementor-element-e26d65f elementor-widget elementor-widget-heading\" data-id=\"e26d65f\" data-element_type=\"widget\" data-widget_type=\"heading.default\">\n\t\t\t\t<div class=\"elementor-widget-container\">\n\t\t\t\t\t<h3 class=\"elementor-heading-title elementor-size-default\">\u00bfOriGENE tambi\u00e9n en su consulta?<\/h3>\t\t\t\t<\/div>\n\t\t\t\t<\/div>\n\t\t\t\t<div class=\"elementor-element elementor-element-4e224e4 elementor-widget elementor-widget-text-editor\" data-id=\"4e224e4\" data-element_type=\"widget\" data-widget_type=\"text-editor.default\">\n\t\t\t\t<div class=\"elementor-widget-container\">\n\t\t\t\t\t\t\t\t\t<p>Si tambi\u00e9n desea introducir el tratamiento OriGENE en su consulta, necesita una licencia para el concepto general. Esto marca el comienzo de una emocionante e interesante colaboraci\u00f3n que incluye, entre otras cosas, una formaci\u00f3n y un certificado, protocolos de tratamiento, formaci\u00f3n continua regular, servicios de mantenimiento y postventa e informaci\u00f3n m\u00e9dica de respaldo. Pero tambi\u00e9n le ofrecemos apoyo en el \u00e1rea de marketing (online), redes sociales y gesti\u00f3n empresarial.<\/p>\t\t\t\t\t\t\t\t<\/div>\n\t\t\t\t<\/div>\n\t\t\t\t<div class=\"elementor-element elementor-element-6a9ce43 elementor-widget elementor-widget-button\" data-id=\"6a9ce43\" data-element_type=\"widget\" data-widget_type=\"button.default\">\n\t\t\t\t<div class=\"elementor-widget-container\">\n\t\t\t\t\t\t\t\t\t<div class=\"elementor-button-wrapper\">\n\t\t\t\t\t<a class=\"elementor-button elementor-button-link elementor-size-sm\" href=\"https:\/\/medicosacrum.de\/es\/para-terapeutas\/origene-tambien-en-su-consulta\/\">\n\t\t\t\t\t\t<span class=\"elementor-button-content-wrapper\">\n\t\t\t\t\t\t\t\t\t<span class=\"elementor-button-text\">Seguir leyendo<\/span>\n\t\t\t\t\t<\/span>\n\t\t\t\t\t<\/a>\n\t\t\t\t<\/div>\n\t\t\t\t\t\t\t\t<\/div>\n\t\t\t\t<\/div>\n\t\t\t\t\t<\/div>\n\t\t<\/div>\n\t\t\t\t\t<\/div>\n\t\t<\/section>\n\t\t\t\t<section class=\"elementor-section elementor-top-section elementor-element elementor-element-36acfc6 elementor-section-boxed elementor-section-height-default elementor-section-height-default\" data-id=\"36acfc6\" data-element_type=\"section\">\n\t\t\t\t\t\t<div class=\"elementor-container elementor-column-gap-default\">\n\t\t\t\t\t<div class=\"elementor-column elementor-col-50 elementor-top-column elementor-element elementor-element-08d9ce0\" data-id=\"08d9ce0\" data-element_type=\"column\">\n\t\t\t<div class=\"elementor-widget-wrap elementor-element-populated\">\n\t\t\t\t\t\t<div class=\"elementor-element elementor-element-9f71e79 elementor-widget elementor-widget-heading\" data-id=\"9f71e79\" data-element_type=\"widget\" data-widget_type=\"heading.default\">\n\t\t\t\t<div class=\"elementor-widget-container\">\n\t\t\t\t\t<h3 class=\"elementor-heading-title elementor-size-default\">Para el empresario<\/h3>\t\t\t\t<\/div>\n\t\t\t\t<\/div>\n\t\t\t\t<div class=\"elementor-element elementor-element-94030ff elementor-widget elementor-widget-text-editor\" data-id=\"94030ff\" data-element_type=\"widget\" data-widget_type=\"text-editor.default\">\n\t\t\t\t<div class=\"elementor-widget-container\">\n\t\t\t\t\t\t\t\t\t<p>\u00bfTiene trabajadores que sufren dolores de espalda alta o baja? El tratamiento OriGENE quiz\u00e1s le pueda ayudar en la curaci\u00f3n y mantenimiento de su salud. Puede reducir el absentismo laboral porque los trabajadores que no pueden trabajar podr\u00e1n reincorporarse al trabajo lo antes posible. De este modo se reducen costes de reinserci\u00f3n laboral. El tratamiento de espalda hace que los trabajadores est\u00e9n m\u00e1s sanos y motivados.<\/p>\t\t\t\t\t\t\t\t<\/div>\n\t\t\t\t<\/div>\n\t\t\t\t<div class=\"elementor-element elementor-element-8f152eb elementor-widget elementor-widget-button\" data-id=\"8f152eb\" data-element_type=\"widget\" data-widget_type=\"button.default\">\n\t\t\t\t<div class=\"elementor-widget-container\">\n\t\t\t\t\t\t\t\t\t<div class=\"elementor-button-wrapper\">\n\t\t\t\t\t<a class=\"elementor-button elementor-button-link elementor-size-sm\" href=\"https:\/\/medicosacrum.de\/es\/para-terapeutas\/para-el-empresario\/\">\n\t\t\t\t\t\t<span class=\"elementor-button-content-wrapper\">\n\t\t\t\t\t\t\t\t\t<span class=\"elementor-button-text\">Seguir leyendo<\/span>\n\t\t\t\t\t<\/span>\n\t\t\t\t\t<\/a>\n\t\t\t\t<\/div>\n\t\t\t\t\t\t\t\t<\/div>\n\t\t\t\t<\/div>\n\t\t\t\t\t<\/div>\n\t\t<\/div>\n\t\t\t\t<div class=\"elementor-column elementor-col-50 elementor-top-column elementor-element elementor-element-b9bbc30\" data-id=\"b9bbc30\" data-element_type=\"column\">\n\t\t\t<div class=\"elementor-widget-wrap elementor-element-populated\">\n\t\t\t\t\t\t<div class=\"elementor-element elementor-element-24a9e0e elementor-widget elementor-widget-heading\" data-id=\"24a9e0e\" data-element_type=\"widget\" data-widget_type=\"heading.default\">\n\t\t\t\t<div class=\"elementor-widget-container\">\n\t\t\t\t\t<h3 class=\"elementor-heading-title elementor-size-default\">Para terapeutas<\/h3>\t\t\t\t<\/div>\n\t\t\t\t<\/div>\n\t\t\t\t<div class=\"elementor-element elementor-element-f15726e elementor-widget elementor-widget-text-editor\" data-id=\"f15726e\" data-element_type=\"widget\" data-widget_type=\"text-editor.default\">\n\t\t\t\t<div class=\"elementor-widget-container\">\n\t\t\t\t\t\t\t\t\t<p>\u00abNadie ha aprendido a tocar el piano leyendo un libro de instrucciones\u00bb. Esto sucede con m\u00e1s frecuencia de lo que se piensa en la consulta. \u00bfEst\u00e1 realmente interesado en el m\u00e9todo OriGENE? Entonces p\u00f3ngase en contacto con nosotros. Conozca el tratamiento \u00abde primera mano\u00bb en nuestros centros de pruebas y cons\u00faltenos todas sus dudas. No obstante, estaremos asimismo encantados de acercarle el dispositivo mediante realidad virtual.<\/p>\t\t\t\t\t\t\t\t<\/div>\n\t\t\t\t<\/div>\n\t\t\t\t<div class=\"elementor-element elementor-element-50b9f6f elementor-widget elementor-widget-button\" data-id=\"50b9f6f\" data-element_type=\"widget\" data-widget_type=\"button.default\">\n\t\t\t\t<div class=\"elementor-widget-container\">\n\t\t\t\t\t\t\t\t\t<div class=\"elementor-button-wrapper\">\n\t\t\t\t\t<a class=\"elementor-button elementor-button-link elementor-size-sm\" href=\"https:\/\/www.origene.de\/origene-concepts-bv\/\" target=\"_blank\">\n\t\t\t\t\t\t<span class=\"elementor-button-content-wrapper\">\n\t\t\t\t\t\t\t\t\t<span class=\"elementor-button-text\">Contactar<\/span>\n\t\t\t\t\t<\/span>\n\t\t\t\t\t<\/a>\n\t\t\t\t<\/div>\n\t\t\t\t\t\t\t\t<\/div>\n\t\t\t\t<\/div>\n\t\t\t\t\t<\/div>\n\t\t<\/div>\n\t\t\t\t\t<\/div>\n\t\t<\/section>\n\t\t\t\t<\/div>\n\t\t","protected":false},"excerpt":{"rendered":"<p>Para terapeutas A nuestro juicio, probablemente hemos desarrollado el mejor aparato que existe para tratar patolog\u00edas de espalda. Con OriGENE, su paciente logra realizar ejercicios de estiramiento totalmente aislados (isot\u00f3nicos sobre todo el rango de movimientos ROM). Sin embargo, no solo importa el aparato de tratamientos. Por muy bueno que este sea, si el operador [&hellip;]<\/p>\n","protected":false},"author":2,"featured_media":0,"parent":0,"menu_order":20,"comment_status":"closed","ping_status":"closed","template":"","meta":{"footnotes":""},"class_list":["post-650","page","type-page","status-publish","hentry"],"_links":{"self":[{"href":"https:\/\/medicosacrum.de\/es\/wp-json\/wp\/v2\/pages\/650","targetHints":{"allow":["GET"]}}],"collection":[{"href":"https:\/\/medicosacrum.de\/es\/wp-json\/wp\/v2\/pages"}],"about":[{"href":"https:\/\/medicosacrum.de\/es\/wp-json\/wp\/v2\/types\/page"}],"author":[{"embeddable":true,"href":"https:\/\/medicosacrum.de\/es\/wp-json\/wp\/v2\/users\/2"}],"replies":[{"embeddable":true,"href":"https:\/\/medicosacrum.de\/es\/wp-json\/wp\/v2\/comments?post=650"}],"version-history":[{"count":22,"href":"https:\/\/medicosacrum.de\/es\/wp-json\/wp\/v2\/pages\/650\/revisions"}],"predecessor-version":[{"id":732,"href":"https:\/\/medicosacrum.de\/es\/wp-json\/wp\/v2\/pages\/650\/revisions\/732"}],"wp:attachment":[{"href":"https:\/\/medicosacrum.de\/es\/wp-json\/wp\/v2\/media?parent=650"}],"curies":[{"name":"wp","href":"https:\/\/api.w.org\/{rel}","templated":true}]}}