{"id":652,"date":"2021-11-25T10:28:38","date_gmt":"2021-11-25T09:28:38","guid":{"rendered":"https:\/\/medicosacrum.de\/fuer-therapeuten\/die-erklaerung-des-erfolgs\/"},"modified":"2022-09-06T11:23:32","modified_gmt":"2022-09-06T09:23:32","slug":"die-erklaerung-des-erfolgs","status":"publish","type":"page","link":"https:\/\/medicosacrum.de\/es\/para-terapeutas\/die-erklaerung-des-erfolgs\/","title":{"rendered":"La explicaci\u00f3n del \u00e9xito"},"content":{"rendered":"\t\t<div data-elementor-type=\"wp-page\" data-elementor-id=\"652\" class=\"elementor elementor-652 elementor-559\" data-elementor-post-type=\"page\">\n\t\t\t\t\t\t<section class=\"elementor-section elementor-top-section elementor-element elementor-element-2c243337 elementor-section-full_width elementor-section-height-min-height elementor-section-height-default elementor-section-items-middle\" data-id=\"2c243337\" data-element_type=\"section\" data-settings=\"{&quot;background_background&quot;:&quot;classic&quot;,&quot;shape_divider_bottom&quot;:&quot;mountains&quot;}\">\n\t\t\t\t\t<div class=\"elementor-shape elementor-shape-bottom\" data-negative=\"false\">\n\t\t\t<svg xmlns=\"http:\/\/www.w3.org\/2000\/svg\" viewBox=\"0 0 1000 100\" preserveAspectRatio=\"none\">\n\t<path class=\"elementor-shape-fill\" opacity=\"0.33\" d=\"M473,67.3c-203.9,88.3-263.1-34-320.3,0C66,119.1,0,59.7,0,59.7V0h1000v59.7 c0,0-62.1,26.1-94.9,29.3c-32.8,3.3-62.8-12.3-75.8-22.1C806,49.6,745.3,8.7,694.9,4.7S492.4,59,473,67.3z\"\/>\n\t<path class=\"elementor-shape-fill\" opacity=\"0.66\" d=\"M734,67.3c-45.5,0-77.2-23.2-129.1-39.1c-28.6-8.7-150.3-10.1-254,39.1 s-91.7-34.4-149.2,0C115.7,118.3,0,39.8,0,39.8V0h1000v36.5c0,0-28.2-18.5-92.1-18.5C810.2,18.1,775.7,67.3,734,67.3z\"\/>\n\t<path class=\"elementor-shape-fill\" d=\"M766.1,28.9c-200-57.5-266,65.5-395.1,19.5C242,1.8,242,5.4,184.8,20.6C128,35.8,132.3,44.9,89.9,52.5C28.6,63.7,0,0,0,0 h1000c0,0-9.9,40.9-83.6,48.1S829.6,47,766.1,28.9z\"\/>\n<\/svg>\t\t<\/div>\n\t\t\t\t\t<div class=\"elementor-container elementor-column-gap-default\">\n\t\t\t\t\t<div class=\"elementor-column elementor-col-100 elementor-top-column elementor-element elementor-element-7f601dc7\" data-id=\"7f601dc7\" data-element_type=\"column\">\n\t\t\t<div class=\"elementor-widget-wrap\">\n\t\t\t\t\t\t\t<\/div>\n\t\t<\/div>\n\t\t\t\t\t<\/div>\n\t\t<\/section>\n\t\t\t\t<section class=\"elementor-section elementor-top-section elementor-element elementor-element-4461c431 elementor-section-boxed elementor-section-height-default elementor-section-height-default\" data-id=\"4461c431\" data-element_type=\"section\" data-settings=\"{&quot;background_background&quot;:&quot;classic&quot;}\">\n\t\t\t\t\t\t<div class=\"elementor-container elementor-column-gap-default\">\n\t\t\t\t\t<div class=\"elementor-column elementor-col-66 elementor-top-column elementor-element elementor-element-1b2aa315\" data-id=\"1b2aa315\" data-element_type=\"column\">\n\t\t\t<div class=\"elementor-widget-wrap elementor-element-populated\">\n\t\t\t\t\t\t<div class=\"elementor-element elementor-element-238a84a9 elementor-widget elementor-widget-heading\" data-id=\"238a84a9\" data-element_type=\"widget\" data-widget_type=\"heading.default\">\n\t\t\t\t<div class=\"elementor-widget-container\">\n\t\t\t\t\t<h2 class=\"elementor-heading-title elementor-size-default\">La explicaci\u00f3n del \u00e9xito<\/h2>\t\t\t\t<\/div>\n\t\t\t\t<\/div>\n\t\t\t\t<div class=\"elementor-element elementor-element-da0986a elementor-widget elementor-widget-text-editor\" data-id=\"da0986a\" data-element_type=\"widget\" data-widget_type=\"text-editor.default\">\n\t\t\t\t<div class=\"elementor-widget-container\">\n\t\t\t\t\t\t\t\t\t<p>Un tratamiento con \u00e9xito se basa en diversos factores. En el caso del tratamiento con OriGENE, en cualquier caso, se fundamenta en las 4 M:<\/p><ol><li>M\u00e1quina: un aparato que habla por s\u00ed mismo<\/li><li>Medicina: el tipo, la duraci\u00f3n, el origen, etc. de las patolog\u00edas de espalda<\/li><li>Motivaci\u00f3n: del paciente y del terapeuta<\/li><li>Manejo y paciente: es esencial contar con un buen terapeuta. No solo para tener un diagn\u00f3stico correcto, sino por los conocimientos biomec\u00e1nicos del aparato OriGENE y la correcta aplicaci\u00f3n de los protocolos de tratamiento para su uso y configuraci\u00f3n. Sin embargo, no solo importa el aparato de tratamiento. Por muy bueno que sea el aparato, si el operador del aparato no est\u00e1 muy familiarizado con su manejo, no se pueden obtener los resultados \u00f3ptimos de tratamiento.<\/li><\/ol><p>A continuaci\u00f3n, encontrar\u00e1 m\u00e1s informaci\u00f3n y posibles contenidos explicativos sobre el \u00e9xito terap\u00e9utico de OriGENE.<\/p>\t\t\t\t\t\t\t\t<\/div>\n\t\t\t\t<\/div>\n\t\t\t\t\t<\/div>\n\t\t<\/div>\n\t\t\t\t<div class=\"elementor-column elementor-col-33 elementor-top-column elementor-element elementor-element-6c552a14\" data-id=\"6c552a14\" data-element_type=\"column\">\n\t\t\t<div class=\"elementor-widget-wrap elementor-element-populated\">\n\t\t\t\t\t\t<div class=\"elementor-element elementor-element-70cca46e elementor-widget elementor-widget-image\" data-id=\"70cca46e\" data-element_type=\"widget\" data-widget_type=\"image.default\">\n\t\t\t\t<div class=\"elementor-widget-container\">\n\t\t\t\t\t\t\t\t\t\t\t\t\t\t\t<img fetchpriority=\"high\" decoding=\"async\" width=\"800\" height=\"600\" src=\"https:\/\/medicosacrum.de\/wp-content\/uploads\/2021\/05\/OriGENE-bild-1.jpg\" class=\"attachment-large size-large wp-image-190\" alt=\"\" srcset=\"https:\/\/medicosacrum.de\/wp-content\/uploads\/2021\/05\/OriGENE-bild-1.jpg 800w, https:\/\/medicosacrum.de\/wp-content\/uploads\/2021\/05\/OriGENE-bild-1-300x225.jpg 300w, https:\/\/medicosacrum.de\/wp-content\/uploads\/2021\/05\/OriGENE-bild-1-768x576.jpg 768w\" sizes=\"(max-width: 800px) 100vw, 800px\" \/>\t\t\t\t\t\t\t\t\t\t\t\t\t\t\t<\/div>\n\t\t\t\t<\/div>\n\t\t\t\t\t<\/div>\n\t\t<\/div>\n\t\t\t\t\t<\/div>\n\t\t<\/section>\n\t\t\t\t<section class=\"elementor-section elementor-top-section elementor-element elementor-element-2e8d67ac elementor-section-boxed elementor-section-height-default elementor-section-height-default\" data-id=\"2e8d67ac\" data-element_type=\"section\">\n\t\t\t\t\t\t<div class=\"elementor-container elementor-column-gap-default\">\n\t\t\t\t\t<div class=\"elementor-column elementor-col-50 elementor-top-column elementor-element elementor-element-2c7fa124\" data-id=\"2c7fa124\" data-element_type=\"column\">\n\t\t\t<div class=\"elementor-widget-wrap elementor-element-populated\">\n\t\t\t\t\t\t<div class=\"elementor-element elementor-element-1ddfd22a elementor-widget elementor-widget-heading\" data-id=\"1ddfd22a\" data-element_type=\"widget\" data-widget_type=\"heading.default\">\n\t\t\t\t<div class=\"elementor-widget-container\">\n\t\t\t\t\t<h3 class=\"elementor-heading-title elementor-size-default\">Quinesiofobia<\/h3>\t\t\t\t<\/div>\n\t\t\t\t<\/div>\n\t\t\t\t<div class=\"elementor-element elementor-element-0962184 elementor-widget elementor-widget-image\" data-id=\"0962184\" data-element_type=\"widget\" data-widget_type=\"image.default\">\n\t\t\t\t<div class=\"elementor-widget-container\">\n\t\t\t\t\t\t\t\t\t\t\t\t\t\t\t<img decoding=\"async\" width=\"300\" height=\"184\" src=\"https:\/\/medicosacrum.de\/wp-content\/uploads\/2021\/11\/bewegend-brein-300x184-1.jpg\" class=\"attachment-large size-large wp-image-561\" alt=\"\" \/>\t\t\t\t\t\t\t\t\t\t\t\t\t\t\t<\/div>\n\t\t\t\t<\/div>\n\t\t\t\t<div class=\"elementor-element elementor-element-2c126093 elementor-widget elementor-widget-text-editor\" data-id=\"2c126093\" data-element_type=\"widget\" data-widget_type=\"text-editor.default\">\n\t\t\t\t<div class=\"elementor-widget-container\">\n\t\t\t\t\t\t\t\t\t<p>El miedo al movimiento juega un importante papel en muchos pacientes de espalda. Cuando existe un marcado miedo al movimiento, se produce una espiral negativa desfavorable en la que aumentan las dolencias y el paciente conf\u00eda cada vez menos en los movimientos. En el caso del tratamiento con OriGENE, el paciente aprende a volver a confiar en el movimiento. Los pacientes nos informan con frecuencia de que perciben el tratamiento con el aparato como un entorno seguro y controlado donde no tienen nada que temer. El paciente recupera la valent\u00eda para moverse de forma correcta, lo que con frecuencia lleva a una repentina reducci\u00f3n de las dolencias.<\/p>\t\t\t\t\t\t\t\t<\/div>\n\t\t\t\t<\/div>\n\t\t\t\t\t<\/div>\n\t\t<\/div>\n\t\t\t\t<div class=\"elementor-column elementor-col-50 elementor-top-column elementor-element elementor-element-355b3d15\" data-id=\"355b3d15\" data-element_type=\"column\">\n\t\t\t<div class=\"elementor-widget-wrap elementor-element-populated\">\n\t\t\t\t\t\t<div class=\"elementor-element elementor-element-6ce80bc elementor-widget elementor-widget-heading\" data-id=\"6ce80bc\" data-element_type=\"widget\" data-widget_type=\"heading.default\">\n\t\t\t\t<div class=\"elementor-widget-container\">\n\t\t\t\t\t<h3 class=\"elementor-heading-title elementor-size-default\">Movilizaci\u00f3n de la columna vertebral<\/h3>\t\t\t\t<\/div>\n\t\t\t\t<\/div>\n\t\t\t\t<div class=\"elementor-element elementor-element-55e02e7 elementor-widget elementor-widget-text-editor\" data-id=\"55e02e7\" data-element_type=\"widget\" data-widget_type=\"text-editor.default\">\n\t\t\t\t<div class=\"elementor-widget-container\">\n\t\t\t\t\t\t\t\t\t<p>Durante el tratamiento con OriGENE se produce una movilizaci\u00f3n sutil pero muy funcional y efectiva de la columna vertebral y del hueso sacro. Se liberan las v\u00e9rtebras y vuelven a la posici\u00f3n correcta. Durante el ejercicio, el propio paciente logra esta movilizaci\u00f3n, que con frecuencia es audible. Para ello se emplea la fijaci\u00f3n mec\u00e1nica del dispositivo y la contracci\u00f3n muscular bien coordinada que el propio paciente genera.<\/p><p>La movilizaci\u00f3n puede tener una influencia directa sobre los dolores y la flexibilidad. Desaparece la inhibici\u00f3n al movimiento generada por el dolor, de forma que en poco tiempo se fortalecen los m\u00fasculos. Adem\u00e1s, la movilizaci\u00f3n de las articulaciones facetarias de la zona lumbar puede aumentar la flexibilidad de las v\u00e9rtebras. Esto puede mejorar asimismo el equilibrio h\u00eddrico y, por ende, todo el metabolismo de los discos intervertebrales implicados.<\/p><p>La movilizaci\u00f3n de las v\u00e9rtebras bloqueadas se puede comprobar con la ayuda de un moderno instrumento de medici\u00f3n, el \u00abrat\u00f3n espinal\u00bb. El rat\u00f3n espinal muestra adem\u00e1s c\u00f3mo se armoniza la flexibilidad de toda la zona de la columna vertebral. \u00bfDesea m\u00e1s informaci\u00f3n sobre el rat\u00f3n espinal? Consulte el enlace <a href=\"http:\/\/www.idiag.ch\"><span style=\"text-decoration: underline;\">www.idiag.ch<\/span><\/a><span style=\"text-decoration: underline;\">.<\/span><\/p>\t\t\t\t\t\t\t\t<\/div>\n\t\t\t\t<\/div>\n\t\t\t\t\t<\/div>\n\t\t<\/div>\n\t\t\t\t\t<\/div>\n\t\t<\/section>\n\t\t\t\t<section class=\"elementor-section elementor-top-section elementor-element elementor-element-f288b8e elementor-section-boxed elementor-section-height-default elementor-section-height-default\" data-id=\"f288b8e\" data-element_type=\"section\">\n\t\t\t\t\t\t<div class=\"elementor-container elementor-column-gap-default\">\n\t\t\t\t\t<div class=\"elementor-column elementor-col-50 elementor-top-column elementor-element elementor-element-4f5591c\" data-id=\"4f5591c\" data-element_type=\"column\">\n\t\t\t<div class=\"elementor-widget-wrap elementor-element-populated\">\n\t\t\t\t\t\t<div class=\"elementor-element elementor-element-d2bad55 elementor-widget elementor-widget-heading\" data-id=\"d2bad55\" data-element_type=\"widget\" data-widget_type=\"heading.default\">\n\t\t\t\t<div class=\"elementor-widget-container\">\n\t\t\t\t\t<h3 class=\"elementor-heading-title elementor-size-default\">M\u00e1ximo estiramiento de la columna vertebral <\/h3>\t\t\t\t<\/div>\n\t\t\t\t<\/div>\n\t\t\t\t<div class=\"elementor-element elementor-element-a012d9c elementor-widget elementor-widget-text-editor\" data-id=\"a012d9c\" data-element_type=\"widget\" data-widget_type=\"text-editor.default\">\n\t\t\t\t<div class=\"elementor-widget-container\">\n\t\t\t\t\t\t\t\t\t<p>Durante la formaci\u00f3n con OriGENE se abordan los pilares m\u00e1s importantes del tratamiento. Uno de ellos consiste en fomentar siempre el m\u00e1ximo estiramiento (extensi\u00f3n) de la columna vertebral, incluso con ayuda manual o incluso aumentando el soporte final del aparato.<\/p><p>Ya desde la fase inicial del trabajo con el aparato se constat\u00f3 que el estiramiento m\u00e1ximo aislado de la columna lumbar constituye un factor clave de \u00e9xito. Por ejemplo, vimos pacientes que reaccionaron con miedo a los ejercicios de estiramiento. La zona era especialmente sensible, probablemente debido al estiramiento teniendo adherencias en la zona muscular. Sin embargo, al estimular este movimiento de estiramiento con una mano \u00abfirme\u00bb pero considerando, por supuesto, las contraindicaciones de casos como la estenosis del canal espinal, este ejercicio de estiramiento se vuelve r\u00e1pidamente menos desagradable y esta sensaci\u00f3n s\u00f3lo aparece despu\u00e9s, durante la secuencia del movimiento. Para sorpresa de todos, seguidamente se constat\u00f3 c\u00f3mo se reduc\u00edan notablemente aquellas dolencias de larga duraci\u00f3n y se produc\u00eda un subsiguiente aumento de la movilidad.<\/p>\t\t\t\t\t\t\t\t<\/div>\n\t\t\t\t<\/div>\n\t\t\t\t\t<\/div>\n\t\t<\/div>\n\t\t\t\t<div class=\"elementor-column elementor-col-50 elementor-top-column elementor-element elementor-element-21fc4ec\" data-id=\"21fc4ec\" data-element_type=\"column\">\n\t\t\t<div class=\"elementor-widget-wrap elementor-element-populated\">\n\t\t\t\t\t\t<div class=\"elementor-element elementor-element-4ccd914 elementor-widget elementor-widget-heading\" data-id=\"4ccd914\" data-element_type=\"widget\" data-widget_type=\"heading.default\">\n\t\t\t\t<div class=\"elementor-widget-container\">\n\t\t\t\t\t<h3 class=\"elementor-heading-title elementor-size-default\">Un dolor que \"vale la pena\"<\/h3>\t\t\t\t<\/div>\n\t\t\t\t<\/div>\n\t\t\t\t<div class=\"elementor-element elementor-element-e2038ab elementor-widget elementor-widget-text-editor\" data-id=\"e2038ab\" data-element_type=\"widget\" data-widget_type=\"text-editor.default\">\n\t\t\t\t<div class=\"elementor-widget-container\">\n\t\t\t\t\t\t\t\t\t<p>Todo el sistema del m\u00fasculo erector del tronco (<em>erector trunci) <\/em>consta de numerosos haces musculares (unidades motoras), muchos de los cuales se ha estirado demasiado. En el d\u00eda a d\u00eda, estos m\u00fasculos s\u00f3lo mueven una peque\u00f1a parte de su rango de movimiento. O sea, no se utilizan de forma completa (por desuso). Por ello aparecen adherencias entre cada una de las fibras musculares y las fascias. El sistema est\u00e1 cada vez m\u00e1s r\u00edgido y se mueve menos en ambas direcciones. Estos m\u00fasculos apenas pueden estirarse, pero aparentemente, el m\u00e1ximo acortamiento permite liberar estas adherencias. Con ello aumenta la plasticidad, lo que implica una mejora del estiramiento y de la flexi\u00f3n de la columna vertebral. La clave consiste en aislar el movimiento completo. Por ejemplo, cuando se produce una lumbalgia aguda, hay muchas unidades motoras contra\u00eddas y el resultado es casi nulo. Si se tratara de un coraz\u00f3n, hablar\u00edamos de fibrilaci\u00f3n. A la vista del gran \u00e9xito del m\u00e1ximo acortamiento muscular, este movimiento tiene un efecto parecido a la desfibrilaci\u00f3n. \u00a1La orquesta (de todas las unidades motoras) vuelve a tocar al ritmo de la m\u00fasica!<\/p>\t\t\t\t\t\t\t\t<\/div>\n\t\t\t\t<\/div>\n\t\t\t\t\t<\/div>\n\t\t<\/div>\n\t\t\t\t\t<\/div>\n\t\t<\/section>\n\t\t\t\t<section class=\"elementor-section elementor-top-section elementor-element elementor-element-f0fc373 elementor-section-boxed elementor-section-height-default elementor-section-height-default\" data-id=\"f0fc373\" data-element_type=\"section\">\n\t\t\t\t\t\t<div class=\"elementor-container elementor-column-gap-default\">\n\t\t\t\t\t<div class=\"elementor-column elementor-col-50 elementor-top-column elementor-element elementor-element-b48f548\" data-id=\"b48f548\" data-element_type=\"column\">\n\t\t\t<div class=\"elementor-widget-wrap elementor-element-populated\">\n\t\t\t\t\t\t<div class=\"elementor-element elementor-element-3e7138e elementor-widget elementor-widget-heading\" data-id=\"3e7138e\" data-element_type=\"widget\" data-widget_type=\"heading.default\">\n\t\t\t\t<div class=\"elementor-widget-container\">\n\t\t\t\t\t<h3 class=\"elementor-heading-title elementor-size-default\">Los tendones implicados<\/h3>\t\t\t\t<\/div>\n\t\t\t\t<\/div>\n\t\t\t\t<div class=\"elementor-element elementor-element-54a285eb elementor-widget elementor-widget-text-editor\" data-id=\"54a285eb\" data-element_type=\"widget\" data-widget_type=\"text-editor.default\">\n\t\t\t\t<div class=\"elementor-widget-container\">\n\t\t\t\t\t\t\t\t\t<p>Muchas patolog\u00edas de espalda est\u00e1n estrechamente relacionadas con problemas de tendones y de adherencias (tendinog\u00e9nicas). Gracias al uso \u00f3ptimo del componente exc\u00e9ntrico de los ejercicios realizados con el aparato de tratamiento OriGENE, quiz\u00e1s se influya favorablemente sobre este tipo de tendinosis cr\u00f3nicas.<\/p>\t\t\t\t\t\t\t\t<\/div>\n\t\t\t\t<\/div>\n\t\t\t\t<div class=\"elementor-element elementor-element-20d75c1 elementor-widget elementor-widget-heading\" data-id=\"20d75c1\" data-element_type=\"widget\" data-widget_type=\"heading.default\">\n\t\t\t\t<div class=\"elementor-widget-container\">\n\t\t\t\t\t<h3 class=\"elementor-heading-title elementor-size-default\">Coordinaci\u00f3n mejorada<\/h3>\t\t\t\t<\/div>\n\t\t\t\t<\/div>\n\t\t\t\t<div class=\"elementor-element elementor-element-717509d elementor-widget elementor-widget-text-editor\" data-id=\"717509d\" data-element_type=\"widget\" data-widget_type=\"text-editor.default\">\n\t\t\t\t<div class=\"elementor-widget-container\">\n\t\t\t\t\t\t\t\t\t<p>La participaci\u00f3n intensiva de la musculatura profunda de la espalda y de la compleja red muscular abdominal puede mejorar la coordinaci\u00f3n entre los distintos sistemas musculares. Probablemente, la secuencia y la intensidad tambi\u00e9n jueguen un papel importante al contraerse partes de los m\u00fasculos extensores. En muchos casos, el origen de las dolencias est\u00e1 en una mala coordinaci\u00f3n (intra- e intermuscular) de la musculatura. El mayor denominador com\u00fan de numerosas patolog\u00edas de espalda parece radicar en un caos neuromuscular.<\/p>\t\t\t\t\t\t\t\t<\/div>\n\t\t\t\t<\/div>\n\t\t\t\t\t<\/div>\n\t\t<\/div>\n\t\t\t\t<div class=\"elementor-column elementor-col-50 elementor-top-column elementor-element elementor-element-c0672cd\" data-id=\"c0672cd\" data-element_type=\"column\">\n\t\t\t<div class=\"elementor-widget-wrap elementor-element-populated\">\n\t\t\t\t\t\t<div class=\"elementor-element elementor-element-e565d7c elementor-widget elementor-widget-heading\" data-id=\"e565d7c\" data-element_type=\"widget\" data-widget_type=\"heading.default\">\n\t\t\t\t<div class=\"elementor-widget-container\">\n\t\t\t\t\t<h3 class=\"elementor-heading-title elementor-size-default\">Explicaci\u00f3n evolutiva<\/h3>\t\t\t\t<\/div>\n\t\t\t\t<\/div>\n\t\t\t\t<div class=\"elementor-element elementor-element-a964704 elementor-widget elementor-widget-image\" data-id=\"a964704\" data-element_type=\"widget\" data-widget_type=\"image.default\">\n\t\t\t\t<div class=\"elementor-widget-container\">\n\t\t\t\t\t\t\t\t\t\t\t\t\t\t\t<img decoding=\"async\" width=\"300\" height=\"174\" src=\"https:\/\/medicosacrum.de\/wp-content\/uploads\/2021\/11\/t_t_iStock_000011047279Small-300x174-1.jpg\" class=\"attachment-large size-large wp-image-565\" alt=\"\" \/>\t\t\t\t\t\t\t\t\t\t\t\t\t\t\t<\/div>\n\t\t\t\t<\/div>\n\t\t\t\t<div class=\"elementor-element elementor-element-eeab59e elementor-widget elementor-widget-text-editor\" data-id=\"eeab59e\" data-element_type=\"widget\" data-widget_type=\"text-editor.default\">\n\t\t\t\t<div class=\"elementor-widget-container\">\n\t\t\t\t\t\t\t\t\t<p>Otra posible explicaci\u00f3n se remite a causas a\u00fan m\u00e1s profundas. Durante la evoluci\u00f3n se ha modificado considerablemente la funci\u00f3n original de la zona lumbar. Nuestros ancestros ejercieron mucha fuerza al correr y saltar gracias a una robusta musculatura de espalda. Las personas modernas caminan erguidas y ya no realizan con la espalda estos movimientos bien coordinados y potentes. Nuestra hip\u00f3tesis es que gracias al sistema de tratamiento OriGENE, estos patrones de respuesta motora latentes que est\u00e1n originalmente grabados en nuestros genes se pueden reconocer y estimular para que funcionen de forma \u00f3ptima, incluso durante la vida diaria y el deporte. Y este es el origen del nombre OriGENE, un sistema de reactivaci\u00f3n de la zona lumbar.<\/p>\t\t\t\t\t\t\t\t<\/div>\n\t\t\t\t<\/div>\n\t\t\t\t\t<\/div>\n\t\t<\/div>\n\t\t\t\t\t<\/div>\n\t\t<\/section>\n\t\t\t\t<\/div>\n\t\t","protected":false},"excerpt":{"rendered":"<p>La explicaci\u00f3n del \u00e9xito Un tratamiento con \u00e9xito se basa en diversos factores. En el caso del tratamiento con OriGENE, en cualquier caso, se fundamenta en las 4 M: M\u00e1quina: un aparato que habla por s\u00ed mismo Medicina: el tipo, la duraci\u00f3n, el origen, etc. de las patolog\u00edas de espalda Motivaci\u00f3n: del paciente y del [&hellip;]<\/p>\n","protected":false},"author":2,"featured_media":0,"parent":650,"menu_order":20,"comment_status":"closed","ping_status":"closed","template":"","meta":{"footnotes":""},"class_list":["post-652","page","type-page","status-publish","hentry"],"_links":{"self":[{"href":"https:\/\/medicosacrum.de\/es\/wp-json\/wp\/v2\/pages\/652","targetHints":{"allow":["GET"]}}],"collection":[{"href":"https:\/\/medicosacrum.de\/es\/wp-json\/wp\/v2\/pages"}],"about":[{"href":"https:\/\/medicosacrum.de\/es\/wp-json\/wp\/v2\/types\/page"}],"author":[{"embeddable":true,"href":"https:\/\/medicosacrum.de\/es\/wp-json\/wp\/v2\/users\/2"}],"replies":[{"embeddable":true,"href":"https:\/\/medicosacrum.de\/es\/wp-json\/wp\/v2\/comments?post=652"}],"version-history":[{"count":4,"href":"https:\/\/medicosacrum.de\/es\/wp-json\/wp\/v2\/pages\/652\/revisions"}],"predecessor-version":[{"id":784,"href":"https:\/\/medicosacrum.de\/es\/wp-json\/wp\/v2\/pages\/652\/revisions\/784"}],"up":[{"embeddable":true,"href":"https:\/\/medicosacrum.de\/es\/wp-json\/wp\/v2\/pages\/650"}],"wp:attachment":[{"href":"https:\/\/medicosacrum.de\/es\/wp-json\/wp\/v2\/media?parent=652"}],"curies":[{"name":"wp","href":"https:\/\/api.w.org\/{rel}","templated":true}]}}