{"id":657,"date":"2021-05-17T15:59:25","date_gmt":"2021-05-17T13:59:25","guid":{"rendered":"https:\/\/medicosacrum.de\/impressum\/"},"modified":"2024-11-20T10:28:31","modified_gmt":"2024-11-20T09:28:31","slug":"aviso-legal","status":"publish","type":"page","link":"https:\/\/medicosacrum.de\/es\/aviso-legal\/","title":{"rendered":"Aviso Legal"},"content":{"rendered":"\t\t<div data-elementor-type=\"wp-page\" data-elementor-id=\"657\" class=\"elementor elementor-657 elementor-284\" data-elementor-post-type=\"page\">\n\t\t\t\t\t\t<section class=\"elementor-section elementor-top-section elementor-element elementor-element-7c4123ad elementor-section-boxed elementor-section-height-default elementor-section-height-default\" data-id=\"7c4123ad\" data-element_type=\"section\">\n\t\t\t\t\t\t<div class=\"elementor-container elementor-column-gap-default\">\n\t\t\t\t\t<div class=\"elementor-column elementor-col-100 elementor-top-column elementor-element elementor-element-314d2e71\" data-id=\"314d2e71\" data-element_type=\"column\">\n\t\t\t<div class=\"elementor-widget-wrap elementor-element-populated\">\n\t\t\t\t\t\t<div class=\"elementor-element elementor-element-7e3a490c elementor-widget elementor-widget-heading\" data-id=\"7e3a490c\" data-element_type=\"widget\" data-widget_type=\"heading.default\">\n\t\t\t\t<div class=\"elementor-widget-container\">\n\t\t\t\t\t<h2 class=\"elementor-heading-title elementor-size-default\">AVISO LEGAL<\/h2>\t\t\t\t<\/div>\n\t\t\t\t<\/div>\n\t\t\t\t<div class=\"elementor-element elementor-element-5b5577ad elementor-widget elementor-widget-text-editor\" data-id=\"5b5577ad\" data-element_type=\"widget\" data-widget_type=\"text-editor.default\">\n\t\t\t\t<div class=\"elementor-widget-container\">\n\t\t\t\t\t\t\t\t\t<p>Sevki Akyildiz<br \/>Medicosacrum \u2013 OriGENE Tratamientos de espalda<br \/>Groten Hoff 21<br \/>22359 Hamburgo<\/p><p><strong>Contacto<\/strong><\/p><p>Tel\u00e9fono: 040 \u2013 24 43 16 84<br \/>Correo electr\u00f3nico: <a href=\"mailto:akyildiz@medicosacrum.de\">akyildiz@medicosacrum.de<\/a><\/p><p><strong>N\u00famero de identificaci\u00f3n fiscal<\/strong><\/p><p>N\u00famero de identificaci\u00f3n fiscal: 50\/003\/03269<\/p><p><strong>Derechos de imagen<\/strong><\/p><p>Adobe Stock:<br \/>\u00a9 Boggy<br \/>\u00a9 JenkoAtaman<\/p><p><strong>Resoluci\u00f3n de litigios en la UE<\/strong><\/p><p>La Comisi\u00f3n Europea ofrece la plataforma ODR para resolver litigios en l\u00ednea: <a href=\"https:\/\/ec.europa.eu\/consumers\/odr\/\">https:\/\/ec.europa.eu\/consumers\/odr\/<\/a>.<br \/>En la parte superior del Aviso Legal podr\u00e1 encontrar nuestra direcci\u00f3n de correo electr\u00f3nico.<\/p><p><strong>Resoluci\u00f3n de conflictos de consumo \/ Instituci\u00f3n arbitral universal<\/strong><\/p><p>No estamos dispuestos ni obligados a participar en un procedimiento para resolver conflictos ante una junta arbitral de consumo.<\/p><p>\u00a0<\/p><p><strong>Propiedad intelectual<\/strong><\/p><p>Los contenidos y trabajos desarrollados por los operadores de la p\u00e1gina web est\u00e1n sujetos a la legislaci\u00f3n alemana sobre propiedad intelectual. Queda prohibida su reproducci\u00f3n, edici\u00f3n, distribuci\u00f3n y cualquier uso fuera de los l\u00edmites legales del derecho de propiedad intelectual sin el consentimiento por escrito del respectivo autor o creador. Las descargas y copias de esta p\u00e1gina s\u00f3lo se permiten para su uso privado y no comercial.<\/p><p>En tanto que el contenido de esta p\u00e1gina no haya sido creado por el operador, se respeta la propiedad intelectual de terceros. Los contenidos de terceros se identificar\u00e1n espec\u00edficamente como tales. No obstante lo anterior, rogamos que nos informe si supiera que se infringen los derechos de propiedad intelectual. Si se nos notificara alguna infracci\u00f3n, eliminaremos dicho contenido inmediatamente.<\/p>\t\t\t\t\t\t\t\t<\/div>\n\t\t\t\t<\/div>\n\t\t\t\t\t<\/div>\n\t\t<\/div>\n\t\t\t\t\t<\/div>\n\t\t<\/section>\n\t\t\t\t<\/div>\n\t\t","protected":false},"excerpt":{"rendered":"<p>AVISO LEGAL Sevki AkyildizMedicosacrum \u2013 OriGENE Tratamientos de espaldaGroten Hoff 2122359 Hamburgo Contacto Tel\u00e9fono: 040 \u2013 24 43 16 84Correo electr\u00f3nico: akyildiz@medicosacrum.de N\u00famero de identificaci\u00f3n fiscal N\u00famero de identificaci\u00f3n fiscal: 50\/003\/03269 Derechos de imagen Adobe Stock:\u00a9 Boggy\u00a9 JenkoAtaman Resoluci\u00f3n de litigios en la UE La Comisi\u00f3n Europea ofrece la plataforma ODR para resolver litigios en [&hellip;]<\/p>\n","protected":false},"author":1,"featured_media":0,"parent":0,"menu_order":90,"comment_status":"closed","ping_status":"closed","template":"","meta":{"footnotes":""},"class_list":["post-657","page","type-page","status-publish","hentry"],"_links":{"self":[{"href":"https:\/\/medicosacrum.de\/es\/wp-json\/wp\/v2\/pages\/657","targetHints":{"allow":["GET"]}}],"collection":[{"href":"https:\/\/medicosacrum.de\/es\/wp-json\/wp\/v2\/pages"}],"about":[{"href":"https:\/\/medicosacrum.de\/es\/wp-json\/wp\/v2\/types\/page"}],"author":[{"embeddable":true,"href":"https:\/\/medicosacrum.de\/es\/wp-json\/wp\/v2\/users\/1"}],"replies":[{"embeddable":true,"href":"https:\/\/medicosacrum.de\/es\/wp-json\/wp\/v2\/comments?post=657"}],"version-history":[{"count":18,"href":"https:\/\/medicosacrum.de\/es\/wp-json\/wp\/v2\/pages\/657\/revisions"}],"predecessor-version":[{"id":1043,"href":"https:\/\/medicosacrum.de\/es\/wp-json\/wp\/v2\/pages\/657\/revisions\/1043"}],"wp:attachment":[{"href":"https:\/\/medicosacrum.de\/es\/wp-json\/wp\/v2\/media?parent=657"}],"curies":[{"name":"wp","href":"https:\/\/api.w.org\/{rel}","templated":true}]}}